{"id":47,"date":"2025-07-29T18:20:53","date_gmt":"2025-07-29T18:20:53","guid":{"rendered":"https:\/\/layedrarestaurante.com\/?page_id=47"},"modified":"2025-09-12T05:05:50","modified_gmt":"2025-09-12T05:05:50","slug":"inicio","status":"publish","type":"page","link":"https:\/\/layedrarestaurante.com\/inicio\/","title":{"rendered":"Inicio"},"content":{"rendered":"\t\t<div data-elementor-type=\"wp-page\" data-elementor-id=\"47\" class=\"elementor elementor-47\">\n\t\t\t\t<div class=\"elementor-element elementor-element-f20b6d5 e-con-full e-flex e-con e-parent\" data-id=\"f20b6d5\" data-element_type=\"container\" data-settings=\"{&quot;background_background&quot;:&quot;slideshow&quot;,&quot;background_slideshow_gallery&quot;:[{&quot;id&quot;:16,&quot;url&quot;:&quot;https:\\\/\\\/layedrarestaurante.com\\\/wp-content\\\/uploads\\\/2025\\\/07\\\/47A9F521-3CE5-4326-A377-5E2483BCB989-scaled.jpg&quot;},{&quot;id&quot;:19,&quot;url&quot;:&quot;https:\\\/\\\/layedrarestaurante.com\\\/wp-content\\\/uploads\\\/2025\\\/07\\\/E259DF50-D6D5-4FCF-AB13-D69AAD9B8DAC-scaled.jpg&quot;},{&quot;id&quot;:14,&quot;url&quot;:&quot;https:\\\/\\\/layedrarestaurante.com\\\/wp-content\\\/uploads\\\/2025\\\/07\\\/5A225503-29C3-41BA-96A1-23D8EE1BB941-scaled.jpg&quot;}],&quot;background_slideshow_loop&quot;:&quot;yes&quot;,&quot;background_slideshow_slide_duration&quot;:5000,&quot;background_slideshow_slide_transition&quot;:&quot;fade&quot;,&quot;background_slideshow_transition_duration&quot;:500}\">\n\t\t\t\t<div class=\"elementor-element elementor-element-afae4d3 elementor-widget elementor-widget-heading\" data-id=\"afae4d3\" data-element_type=\"widget\" data-widget_type=\"heading.default\">\n\t\t\t\t\t<h1 class=\"elementor-heading-title elementor-size-default\">Sabores aut\u00e9nticos, vistas inolvidables<\/h1>\t\t\t\t<\/div>\n\t\t\t\t<div class=\"elementor-element elementor-element-3849daa elementor-widget__width-auto premium-lq__none premium-con-lq__glass1 premium-lq__none elementor-widget elementor-widget-premium-addon-button\" data-id=\"3849daa\" data-element_type=\"widget\" data-widget_type=\"premium-addon-button.default\">\n\t\t\t\t\t\n\n\t\t<a class=\"premium-button premium-button-style4 premium-btn-lg premium-button-style4-bottom\" href=\"https:\/\/layedrarestaurante.com\/inicio\/menu\/\">\n\t\t\t<div class=\"premium-button-text-icon-wrapper\">\n\t\t\t\t\n\t\t\t\t\t\t\t\t\t<span >\n\t\t\t\t\t\tVer Men\u00fa\t\t\t\t\t<\/span>\n\t\t\t\t\t\t\t<\/div>\n\n\t\t\t\t\t\t\t<div class=\"premium-button-style4-icon-wrapper bottom\">\n\t\t\t\t\t\t\t\t\t\t\t<svg aria-hidden=\"true\" class=\"e-font-icon-svg e-fas-utensils\" viewBox=\"0 0 416 512\" xmlns=\"http:\/\/www.w3.org\/2000\/svg\"><path d=\"M207.9 15.2c.8 4.7 16.1 94.5 16.1 128.8 0 52.3-27.8 89.6-68.9 104.6L168 486.7c.7 13.7-10.2 25.3-24 25.3H80c-13.7 0-24.7-11.5-24-25.3l12.9-238.1C27.7 233.6 0 196.2 0 144 0 109.6 15.3 19.9 16.1 15.2 19.3-5.1 61.4-5.4 64 16.3v141.2c1.3 3.4 15.1 3.2 16 0 1.4-25.3 7.9-139.2 8-141.8 3.3-20.8 44.7-20.8 47.9 0 .2 2.7 6.6 116.5 8 141.8.9 3.2 14.8 3.4 16 0V16.3c2.6-21.6 44.8-21.4 48-1.1zm119.2 285.7l-15 185.1c-1.2 14 9.9 26 23.9 26h56c13.3 0 24-10.7 24-24V24c0-13.2-10.7-24-24-24-82.5 0-221.4 178.5-64.9 300.9z\"><\/path><\/svg>\t\t\t\t\t\t\t\t\t<\/div>\n\t\t\t\n\t\t\t\n\t\t\t\n\t\t<\/a>\n\n\n\t\t\t\t\t\t<\/div>\n\t\t\t\t<\/div>\n\t\t<div class=\"elementor-element elementor-element-f3673b1 e-flex e-con-boxed e-con e-parent\" data-id=\"f3673b1\" data-element_type=\"container\" data-settings=\"{&quot;background_background&quot;:&quot;classic&quot;}\">\n\t\t\t\t\t<div class=\"e-con-inner\">\n\t\t\t\t<div class=\"elementor-element elementor-element-a58b713 elementor-widget elementor-widget-spacer\" data-id=\"a58b713\" data-element_type=\"widget\" data-widget_type=\"spacer.default\">\n\t\t\t\t\t\t\t<div class=\"elementor-spacer\">\n\t\t\t<div class=\"elementor-spacer-inner\"><\/div>\n\t\t<\/div>\n\t\t\t\t\t\t<\/div>\n\t\t\t\t\t<\/div>\n\t\t\t\t<\/div>\n\t\t<div class=\"elementor-element elementor-element-22e29d9 e-flex e-con-boxed e-con e-parent\" data-id=\"22e29d9\" data-element_type=\"container\" data-settings=\"{&quot;background_background&quot;:&quot;classic&quot;}\">\n\t\t\t\t\t<div class=\"e-con-inner\">\n\t\t\t\t<div class=\"elementor-element elementor-element-dd19238 elementor-widget elementor-widget-heading\" data-id=\"dd19238\" data-element_type=\"widget\" data-widget_type=\"heading.default\">\n\t\t\t\t\t<h2 class=\"elementor-heading-title elementor-size-default\">Tu escape al bosque, tu encuentro con el sabor.<\/h2>\t\t\t\t<\/div>\n\t\t\t\t\t<\/div>\n\t\t\t\t<\/div>\n\t\t<div class=\"elementor-element elementor-element-3b20868 e-flex e-con-boxed e-con e-parent\" data-id=\"3b20868\" data-element_type=\"container\" data-settings=\"{&quot;background_background&quot;:&quot;classic&quot;}\">\n\t\t\t\t\t<div class=\"e-con-inner\">\n\t\t\t\t<div class=\"elementor-element elementor-element-80e1b63 elementor-widget__width-initial elementor-widget elementor-widget-text-editor\" data-id=\"80e1b63\" data-element_type=\"widget\" data-widget_type=\"text-editor.default\">\n\t\t\t\t\t\t\t\t\t<p><strong data-start=\"301\" data-end=\"325\">La<\/strong> Yedra Restaurante es un rinc\u00f3n m\u00e1gico en el coraz\u00f3n de Mineral del Chico, rodeado por el bosque y con vistas inigualables al cerro &#8220;<em data-start=\"439\" data-end=\"451\">Las Monjas&#8221;<\/em>. Aqu\u00ed podr\u00e1s disfrutar de un ambiente c\u00e1lido y acogedor, perfecto para desconectarte de la rutina y compartir momentos especiales en pareja, familia o con amigos.<\/p>\t\t\t\t\t\t\t\t<\/div>\n\t\t\t\t\t<\/div>\n\t\t\t\t<\/div>\n\t\t<div class=\"elementor-element elementor-element-7f2568b e-flex e-con-boxed e-con e-parent\" data-id=\"7f2568b\" data-element_type=\"container\" data-settings=\"{&quot;background_background&quot;:&quot;classic&quot;}\">\n\t\t\t\t\t<div class=\"e-con-inner\">\n\t\t\t\t<div class=\"elementor-element elementor-element-6ca4bb9 elementor-widget elementor-widget-text-editor\" data-id=\"6ca4bb9\" data-element_type=\"widget\" data-widget_type=\"text-editor.default\">\n\t\t\t\t\t\t\t\t\t<p>Nuestra propuesta gastron\u00f3mica combina el sabor aut\u00e9ntico de la cocina mexicana con un toque contempor\u00e1neo. Disfruta de platillos preparados con ingredientes frescos, postres irresistibles y bebidas.<\/p>\t\t\t\t\t\t\t\t<\/div>\n\t\t\t\t\t<\/div>\n\t\t\t\t<\/div>\n\t\t<div class=\"elementor-element elementor-element-fa7bd6a e-con-full e-flex e-con e-parent\" data-id=\"fa7bd6a\" data-element_type=\"container\" data-settings=\"{&quot;background_background&quot;:&quot;classic&quot;}\">\n\t\t\t\t<div class=\"elementor-element elementor-element-8bd5549 elementor-widget__width-initial e-transform elementor-widget-divider--view-line elementor-widget elementor-widget-divider\" data-id=\"8bd5549\" data-element_type=\"widget\" data-settings=\"{&quot;_transform_rotateZ_effect&quot;:{&quot;unit&quot;:&quot;px&quot;,&quot;size&quot;:90,&quot;sizes&quot;:[]},&quot;_transform_rotateZ_effect_tablet&quot;:{&quot;unit&quot;:&quot;deg&quot;,&quot;size&quot;:&quot;&quot;,&quot;sizes&quot;:[]},&quot;_transform_rotateZ_effect_mobile&quot;:{&quot;unit&quot;:&quot;deg&quot;,&quot;size&quot;:&quot;&quot;,&quot;sizes&quot;:[]}}\" data-widget_type=\"divider.default\">\n\t\t\t\t\t\t\t<div class=\"elementor-divider\">\n\t\t\t<span class=\"elementor-divider-separator\">\n\t\t\t\t\t\t<\/span>\n\t\t<\/div>\n\t\t\t\t\t\t<\/div>\n\t\t\t\t<\/div>\n\t\t<div class=\"elementor-element elementor-element-18c6823 e-con-full e-flex e-con e-parent\" data-id=\"18c6823\" data-element_type=\"container\" data-settings=\"{&quot;background_background&quot;:&quot;classic&quot;}\">\n\t\t\t\t<div class=\"elementor-element elementor-element-78dab6b elementor-widget elementor-widget-heading\" data-id=\"78dab6b\" data-element_type=\"widget\" data-widget_type=\"heading.default\">\n\t\t\t\t\t<h2 class=\"elementor-heading-title elementor-size-default\">Men\u00fa<\/h2>\t\t\t\t<\/div>\n\t\t\t\t<div class=\"elementor-element elementor-element-0e4622a premium-lq__none elementor-widget elementor-widget-premium-addon-button\" data-id=\"0e4622a\" data-element_type=\"widget\" data-widget_type=\"premium-addon-button.default\">\n\t\t\t\t\t\n\n\t\t<a class=\"premium-button premium-button-style4 premium-btn-lg premium-button-style4-bottom\" href=\"https:\/\/layedrarestaurante.com\/inicio\/menu\/\">\n\t\t\t<div class=\"premium-button-text-icon-wrapper\">\n\t\t\t\t\n\t\t\t\t\t\t\t\t\t<span >\n\t\t\t\t\t\tVer Men\u00fa\t\t\t\t\t<\/span>\n\t\t\t\t\t\t\t<\/div>\n\n\t\t\t\t\t\t\t<div class=\"premium-button-style4-icon-wrapper bottom\">\n\t\t\t\t\t\t\t\t\t\t\t<svg aria-hidden=\"true\" class=\"e-font-icon-svg e-fas-utensils\" viewBox=\"0 0 416 512\" xmlns=\"http:\/\/www.w3.org\/2000\/svg\"><path d=\"M207.9 15.2c.8 4.7 16.1 94.5 16.1 128.8 0 52.3-27.8 89.6-68.9 104.6L168 486.7c.7 13.7-10.2 25.3-24 25.3H80c-13.7 0-24.7-11.5-24-25.3l12.9-238.1C27.7 233.6 0 196.2 0 144 0 109.6 15.3 19.9 16.1 15.2 19.3-5.1 61.4-5.4 64 16.3v141.2c1.3 3.4 15.1 3.2 16 0 1.4-25.3 7.9-139.2 8-141.8 3.3-20.8 44.7-20.8 47.9 0 .2 2.7 6.6 116.5 8 141.8.9 3.2 14.8 3.4 16 0V16.3c2.6-21.6 44.8-21.4 48-1.1zm119.2 285.7l-15 185.1c-1.2 14 9.9 26 23.9 26h56c13.3 0 24-10.7 24-24V24c0-13.2-10.7-24-24-24-82.5 0-221.4 178.5-64.9 300.9z\"><\/path><\/svg>\t\t\t\t\t\t\t\t\t<\/div>\n\t\t\t\n\t\t\t\n\t\t\t\n\t\t<\/a>\n\n\n\t\t\t\t\t\t<\/div>\n\t\t\t\t<\/div>\n\t\t<div class=\"elementor-element elementor-element-bbc0497 e-con-full e-flex e-con e-parent\" data-id=\"bbc0497\" data-element_type=\"container\" data-settings=\"{&quot;background_background&quot;:&quot;classic&quot;}\">\n\t\t<div class=\"elementor-element elementor-element-e7d3161 e-grid e-con-full e-con e-child\" data-id=\"e7d3161\" data-element_type=\"container\">\n\t\t<a class=\"elementor-element elementor-element-48aca45 e-con-full e-flex e-con e-child\" data-id=\"48aca45\" data-element_type=\"container\" data-settings=\"{&quot;background_background&quot;:&quot;classic&quot;}\" href=\"https:\/\/layedrarestaurante.com\/inicio\/menu\/\">\n\t\t\t\t<div class=\"elementor-element elementor-element-664d56f elementor-widget elementor-widget-image\" data-id=\"664d56f\" data-element_type=\"widget\" data-widget_type=\"image.default\">\n\t\t\t\t\t\t\t\t\t\t\t\t\t\t\t<img fetchpriority=\"high\" decoding=\"async\" width=\"1024\" height=\"683\" src=\"https:\/\/layedrarestaurante.com\/wp-content\/uploads\/2025\/08\/DSC_0070-1024x683.jpg\" class=\"attachment-large size-large wp-image-105\" alt=\"\" srcset=\"https:\/\/layedrarestaurante.com\/wp-content\/uploads\/2025\/08\/DSC_0070-1024x683.jpg 1024w, https:\/\/layedrarestaurante.com\/wp-content\/uploads\/2025\/08\/DSC_0070-300x200.jpg 300w, https:\/\/layedrarestaurante.com\/wp-content\/uploads\/2025\/08\/DSC_0070-768x512.jpg 768w, https:\/\/layedrarestaurante.com\/wp-content\/uploads\/2025\/08\/DSC_0070-1536x1024.jpg 1536w, https:\/\/layedrarestaurante.com\/wp-content\/uploads\/2025\/08\/DSC_0070-2048x1365.jpg 2048w\" sizes=\"(max-width: 1024px) 100vw, 1024px\" \/>\t\t\t\t\t\t\t\t\t\t\t\t\t\t\t<\/div>\n\t\t\t\t<div class=\"elementor-element elementor-element-98ab332 elementor-widget elementor-widget-heading\" data-id=\"98ab332\" data-element_type=\"widget\" data-widget_type=\"heading.default\">\n\t\t\t\t\t<h2 class=\"elementor-heading-title elementor-size-default\">$250.00<\/h2>\t\t\t\t<\/div>\n\t\t\t\t<div class=\"elementor-element elementor-element-8e009fe elementor-widget elementor-widget-heading\" data-id=\"8e009fe\" data-element_type=\"widget\" data-widget_type=\"heading.default\">\n\t\t\t\t\t<h2 class=\"elementor-heading-title elementor-size-default\">Enchiladas Suizas<\/h2>\t\t\t\t<\/div>\n\t\t\t\t<\/a>\n\t\t<a class=\"elementor-element elementor-element-00f812d e-con-full e-flex e-con e-child\" data-id=\"00f812d\" data-element_type=\"container\" data-settings=\"{&quot;background_background&quot;:&quot;classic&quot;}\" href=\"https:\/\/layedrarestaurante.com\/inicio\/menu\/\">\n\t\t\t\t<div class=\"elementor-element elementor-element-13688f6 elementor-widget elementor-widget-image\" data-id=\"13688f6\" data-element_type=\"widget\" data-widget_type=\"image.default\">\n\t\t\t\t\t\t\t\t\t\t\t\t\t\t\t<img decoding=\"async\" width=\"1024\" height=\"683\" src=\"https:\/\/layedrarestaurante.com\/wp-content\/uploads\/2025\/08\/DSC_0059-1024x683.jpg\" class=\"attachment-large size-large wp-image-108\" alt=\"\" srcset=\"https:\/\/layedrarestaurante.com\/wp-content\/uploads\/2025\/08\/DSC_0059-1024x683.jpg 1024w, https:\/\/layedrarestaurante.com\/wp-content\/uploads\/2025\/08\/DSC_0059-300x200.jpg 300w, https:\/\/layedrarestaurante.com\/wp-content\/uploads\/2025\/08\/DSC_0059-768x512.jpg 768w, https:\/\/layedrarestaurante.com\/wp-content\/uploads\/2025\/08\/DSC_0059-1536x1024.jpg 1536w, https:\/\/layedrarestaurante.com\/wp-content\/uploads\/2025\/08\/DSC_0059-2048x1365.jpg 2048w\" sizes=\"(max-width: 1024px) 100vw, 1024px\" \/>\t\t\t\t\t\t\t\t\t\t\t\t\t\t\t<\/div>\n\t\t\t\t<div class=\"elementor-element elementor-element-ccab45b elementor-widget elementor-widget-heading\" data-id=\"ccab45b\" data-element_type=\"widget\" data-widget_type=\"heading.default\">\n\t\t\t\t\t<h2 class=\"elementor-heading-title elementor-size-default\">$190.00<\/h2>\t\t\t\t<\/div>\n\t\t\t\t<div class=\"elementor-element elementor-element-a73aa0f elementor-widget elementor-widget-heading\" data-id=\"a73aa0f\" data-element_type=\"widget\" data-widget_type=\"heading.default\">\n\t\t\t\t\t<h2 class=\"elementor-heading-title elementor-size-default\">Tacos Le\u00f1adores<\/h2>\t\t\t\t<\/div>\n\t\t\t\t<\/a>\n\t\t<a class=\"elementor-element elementor-element-fc0b654 e-con-full e-flex e-con e-child\" data-id=\"fc0b654\" data-element_type=\"container\" data-settings=\"{&quot;background_background&quot;:&quot;classic&quot;}\" href=\"https:\/\/layedrarestaurante.com\/inicio\/menu\/\">\n\t\t\t\t<div class=\"elementor-element elementor-element-b7b84b3 elementor-widget elementor-widget-image\" data-id=\"b7b84b3\" data-element_type=\"widget\" data-widget_type=\"image.default\">\n\t\t\t\t\t\t\t\t\t\t\t\t\t\t\t<img decoding=\"async\" width=\"1024\" height=\"683\" src=\"https:\/\/layedrarestaurante.com\/wp-content\/uploads\/2025\/08\/DSC_0001-1024x683.jpg\" class=\"attachment-large size-large wp-image-94\" alt=\"\" srcset=\"https:\/\/layedrarestaurante.com\/wp-content\/uploads\/2025\/08\/DSC_0001-1024x683.jpg 1024w, https:\/\/layedrarestaurante.com\/wp-content\/uploads\/2025\/08\/DSC_0001-300x200.jpg 300w, https:\/\/layedrarestaurante.com\/wp-content\/uploads\/2025\/08\/DSC_0001-768x512.jpg 768w, https:\/\/layedrarestaurante.com\/wp-content\/uploads\/2025\/08\/DSC_0001-1536x1024.jpg 1536w, https:\/\/layedrarestaurante.com\/wp-content\/uploads\/2025\/08\/DSC_0001-2048x1365.jpg 2048w\" sizes=\"(max-width: 1024px) 100vw, 1024px\" \/>\t\t\t\t\t\t\t\t\t\t\t\t\t\t\t<\/div>\n\t\t\t\t<div class=\"elementor-element elementor-element-bca93be elementor-widget elementor-widget-heading\" data-id=\"bca93be\" data-element_type=\"widget\" data-widget_type=\"heading.default\">\n\t\t\t\t\t<h2 class=\"elementor-heading-title elementor-size-default\">$750.00<\/h2>\t\t\t\t<\/div>\n\t\t\t\t<div class=\"elementor-element elementor-element-c8d1758 elementor-widget elementor-widget-heading\" data-id=\"c8d1758\" data-element_type=\"widget\" data-widget_type=\"heading.default\">\n\t\t\t\t\t<h2 class=\"elementor-heading-title elementor-size-default\">Parrillada mixta <\/h2>\t\t\t\t<\/div>\n\t\t\t\t<\/a>\n\t\t<a class=\"elementor-element elementor-element-ace0d08 e-con-full e-flex e-con e-child\" data-id=\"ace0d08\" data-element_type=\"container\" data-settings=\"{&quot;background_background&quot;:&quot;classic&quot;}\" href=\"https:\/\/layedrarestaurante.com\/inicio\/menu\/\">\n\t\t\t\t<div class=\"elementor-element elementor-element-a477fbe elementor-widget elementor-widget-image\" data-id=\"a477fbe\" data-element_type=\"widget\" data-widget_type=\"image.default\">\n\t\t\t\t\t\t\t\t\t\t\t\t\t\t\t<img loading=\"lazy\" decoding=\"async\" width=\"1024\" height=\"683\" src=\"https:\/\/layedrarestaurante.com\/wp-content\/uploads\/2025\/08\/DSC_0121-1024x683.jpg\" class=\"attachment-large size-large wp-image-107\" alt=\"\" srcset=\"https:\/\/layedrarestaurante.com\/wp-content\/uploads\/2025\/08\/DSC_0121-1024x683.jpg 1024w, https:\/\/layedrarestaurante.com\/wp-content\/uploads\/2025\/08\/DSC_0121-300x200.jpg 300w, https:\/\/layedrarestaurante.com\/wp-content\/uploads\/2025\/08\/DSC_0121-768x512.jpg 768w, https:\/\/layedrarestaurante.com\/wp-content\/uploads\/2025\/08\/DSC_0121-1536x1024.jpg 1536w, https:\/\/layedrarestaurante.com\/wp-content\/uploads\/2025\/08\/DSC_0121-2048x1365.jpg 2048w\" sizes=\"(max-width: 1024px) 100vw, 1024px\" \/>\t\t\t\t\t\t\t\t\t\t\t\t\t\t\t<\/div>\n\t\t\t\t<div class=\"elementor-element elementor-element-551838b elementor-widget elementor-widget-heading\" data-id=\"551838b\" data-element_type=\"widget\" data-widget_type=\"heading.default\">\n\t\t\t\t\t<h2 class=\"elementor-heading-title elementor-size-default\">$300.00<\/h2>\t\t\t\t<\/div>\n\t\t\t\t<div class=\"elementor-element elementor-element-8f74eaf elementor-widget elementor-widget-heading\" data-id=\"8f74eaf\" data-element_type=\"widget\" data-widget_type=\"heading.default\">\n\t\t\t\t\t<h2 class=\"elementor-heading-title elementor-size-default\">Las monjas<\/h2>\t\t\t\t<\/div>\n\t\t\t\t<\/a>\n\t\t\t\t<\/div>\n\t\t\t\t<\/div>\n\t\t<div class=\"elementor-element elementor-element-2268492 e-flex e-con-boxed e-con e-parent\" data-id=\"2268492\" data-element_type=\"container\" data-settings=\"{&quot;background_background&quot;:&quot;classic&quot;}\">\n\t\t\t\t\t<div class=\"e-con-inner\">\n\t\t\t\t<div class=\"elementor-element elementor-element-0b6e07f elementor-widget__width-initial e-transform elementor-widget-divider--view-line elementor-widget elementor-widget-divider\" data-id=\"0b6e07f\" data-element_type=\"widget\" data-settings=\"{&quot;_transform_rotateZ_effect&quot;:{&quot;unit&quot;:&quot;px&quot;,&quot;size&quot;:90,&quot;sizes&quot;:[]},&quot;_transform_rotateZ_effect_tablet&quot;:{&quot;unit&quot;:&quot;deg&quot;,&quot;size&quot;:&quot;&quot;,&quot;sizes&quot;:[]},&quot;_transform_rotateZ_effect_mobile&quot;:{&quot;unit&quot;:&quot;deg&quot;,&quot;size&quot;:&quot;&quot;,&quot;sizes&quot;:[]}}\" data-widget_type=\"divider.default\">\n\t\t\t\t\t\t\t<div class=\"elementor-divider\">\n\t\t\t<span class=\"elementor-divider-separator\">\n\t\t\t\t\t\t<\/span>\n\t\t<\/div>\n\t\t\t\t\t\t<\/div>\n\t\t\t\t\t<\/div>\n\t\t\t\t<\/div>\n\t\t<div class=\"elementor-element elementor-element-f8aac92 e-con-full e-flex e-con e-parent\" data-id=\"f8aac92\" data-element_type=\"container\" data-settings=\"{&quot;background_background&quot;:&quot;classic&quot;}\">\n\t\t\t\t<div class=\"elementor-element elementor-element-e2a6b3b elementor-widget elementor-widget-heading\" data-id=\"e2a6b3b\" data-element_type=\"widget\" data-widget_type=\"heading.default\">\n\t\t\t\t\t<h4 class=\"elementor-heading-title elementor-size-default\">LOCACI\u00d3N<\/h4>\t\t\t\t<\/div>\n\t\t\t\t<div class=\"elementor-element elementor-element-708968a elementor-widget elementor-widget-text-editor\" data-id=\"708968a\" data-element_type=\"widget\" data-widget_type=\"text-editor.default\">\n\t\t\t\t\t\t\t\t\t<p>D\u00f3nde encontrarnos<\/p>\t\t\t\t\t\t\t\t<\/div>\n\t\t\t\t<\/div>\n\t\t<div class=\"elementor-element elementor-element-d8a34d7 e-grid e-con-full e-con e-parent\" data-id=\"d8a34d7\" data-element_type=\"container\" data-settings=\"{&quot;background_background&quot;:&quot;classic&quot;}\">\n\t\t\t\t<div class=\"elementor-element elementor-element-9d4468c elementor-widget elementor-widget-google_maps\" data-id=\"9d4468c\" data-element_type=\"widget\" data-widget_type=\"google_maps.default\">\n\t\t\t\t\t\t\t<div class=\"elementor-custom-embed\">\n\t\t\t<iframe loading=\"lazy\"\n\t\t\t\t\tsrc=\"https:\/\/maps.google.com\/maps?q=La%20Yedra%20Restaurante%20mineral%20del%20chico&#038;t=m&#038;z=13&#038;output=embed&#038;iwloc=near\"\n\t\t\t\t\ttitle=\"La Yedra Restaurante mineral del chico\"\n\t\t\t\t\taria-label=\"La Yedra Restaurante mineral del chico\"\n\t\t\t><\/iframe>\n\t\t<\/div>\n\t\t\t\t\t\t<\/div>\n\t\t<div class=\"elementor-element elementor-element-96ce2c0 e-flex e-con-boxed e-con e-child\" data-id=\"96ce2c0\" data-element_type=\"container\">\n\t\t\t\t\t<div class=\"e-con-inner\">\n\t\t\t\t<div class=\"elementor-element elementor-element-73de1f1 elementor-widget elementor-widget-heading\" data-id=\"73de1f1\" data-element_type=\"widget\" data-widget_type=\"heading.default\">\n\t\t\t\t\t<h2 class=\"elementor-heading-title elementor-size-default\">Contacto<\/h2>\t\t\t\t<\/div>\n\t\t\t\t<div class=\"elementor-element elementor-element-2aed551 elementor-widget-divider--view-line elementor-widget elementor-widget-divider\" data-id=\"2aed551\" data-element_type=\"widget\" data-widget_type=\"divider.default\">\n\t\t\t\t\t\t\t<div class=\"elementor-divider\">\n\t\t\t<span class=\"elementor-divider-separator\">\n\t\t\t\t\t\t<\/span>\n\t\t<\/div>\n\t\t\t\t\t\t<\/div>\n\t\t\t\t<div class=\"elementor-element elementor-element-64fe264 elementor-widget elementor-widget-heading\" data-id=\"64fe264\" data-element_type=\"widget\" data-widget_type=\"heading.default\">\n\t\t\t\t\t<h2 class=\"elementor-heading-title elementor-size-default\">Horario de apertura<\/h2>\t\t\t\t<\/div>\n\t\t<div class=\"elementor-element elementor-element-371328e e-grid e-con-full e-con e-child\" data-id=\"371328e\" data-element_type=\"container\">\n\t\t\t\t<div class=\"elementor-element elementor-element-298d1cd elementor-widget elementor-widget-text-editor\" data-id=\"298d1cd\" data-element_type=\"widget\" data-widget_type=\"text-editor.default\">\n\t\t\t\t\t\t\t\t\t<p>Tel\u00e9fono<\/p>\t\t\t\t\t\t\t\t<\/div>\n\t\t\t\t<div class=\"elementor-element elementor-element-300b9ff elementor-widget elementor-widget-text-editor\" data-id=\"300b9ff\" data-element_type=\"widget\" data-widget_type=\"text-editor.default\">\n\t\t\t\t\t\t\t\t\t<p>5564921048<\/p>\t\t\t\t\t\t\t\t<\/div>\n\t\t\t\t<\/div>\n\t\t<div class=\"elementor-element elementor-element-6b7250f e-grid e-con-full e-con e-child\" data-id=\"6b7250f\" data-element_type=\"container\">\n\t\t\t\t<div class=\"elementor-element elementor-element-8291602 elementor-widget elementor-widget-text-editor\" data-id=\"8291602\" data-element_type=\"widget\" data-widget_type=\"text-editor.default\">\n\t\t\t\t\t\t\t\t\t<p>viernes 9\u202f:00am. &#8211; 4:00pm<\/p>\t\t\t\t\t\t\t\t<\/div>\n\t\t\t\t<\/div>\n\t\t<div class=\"elementor-element elementor-element-831aa4c e-grid e-con-full e-con e-child\" data-id=\"831aa4c\" data-element_type=\"container\">\n\t\t\t\t<div class=\"elementor-element elementor-element-b077deb elementor-widget elementor-widget-text-editor\" data-id=\"b077deb\" data-element_type=\"widget\" data-widget_type=\"text-editor.default\">\n\t\t\t\t\t\t\t\t\t<p>S\u00e1bado 9:00 \u202fam. \u2013 8:00 \u202fpm.<\/p>\t\t\t\t\t\t\t\t<\/div>\n\t\t\t\t<\/div>\n\t\t<div class=\"elementor-element elementor-element-24469f0 e-grid e-con-full e-con e-child\" data-id=\"24469f0\" data-element_type=\"container\">\n\t\t\t\t<div class=\"elementor-element elementor-element-ef0789d elementor-widget elementor-widget-text-editor\" data-id=\"ef0789d\" data-element_type=\"widget\" data-widget_type=\"text-editor.default\">\n\t\t\t\t\t\t\t\t\t<p>Domingo <span style=\"font-style: inherit; font-weight: inherit;\">9\u202f:00 am.\u2013 6:00 \u202fpm.<\/span><\/p>\t\t\t\t\t\t\t\t<\/div>\n\t\t\t\t<\/div>\n\t\t\t\t\t<\/div>\n\t\t\t\t<\/div>\n\t\t\t\t<\/div>\n\t\t\t\t<\/div>\n\t\t","protected":false},"excerpt":{"rendered":"<p>Sabores aut\u00e9nticos, vistas inolvidables Ver Men\u00fa Tu escape al bosque, tu encuentro con el sabor. La Yedra Restaurante es un [&hellip;]<\/p>\n","protected":false},"author":1,"featured_media":0,"parent":0,"menu_order":0,"comment_status":"closed","ping_status":"closed","template":"elementor_header_footer","meta":{"site-sidebar-layout":"no-sidebar","site-content-layout":"","ast-site-content-layout":"full-width-container","site-content-style":"default","site-sidebar-style":"default","ast-global-header-display":"","ast-banner-title-visibility":"","ast-main-header-display":"","ast-hfb-above-header-display":"","ast-hfb-below-header-display":"","ast-hfb-mobile-header-display":"","site-post-title":"","ast-breadcrumbs-content":"","ast-featured-img":"disabled","footer-sml-layout":"","theme-transparent-header-meta":"default","adv-header-id-meta":"","stick-header-meta":"","header-above-stick-meta":"","header-main-stick-meta":"","header-below-stick-meta":"","astra-migrate-meta-layouts":"default","ast-page-background-enabled":"default","ast-page-background-meta":{"desktop":{"background-color":"var(--ast-global-color-5)","background-image":"","background-repeat":"repeat","background-position":"center center","background-size":"auto","background-attachment":"scroll","background-type":"","background-media":"","overlay-type":"","overlay-color":"","overlay-opacity":"","overlay-gradient":""},"tablet":{"background-color":"","background-image":"","background-repeat":"repeat","background-position":"center center","background-size":"auto","background-attachment":"scroll","background-type":"","background-media":"","overlay-type":"","overlay-color":"","overlay-opacity":"","overlay-gradient":""},"mobile":{"background-color":"","background-image":"","background-repeat":"repeat","background-position":"center center","background-size":"auto","background-attachment":"scroll","background-type":"","background-media":"","overlay-type":"","overlay-color":"","overlay-opacity":"","overlay-gradient":""}},"ast-content-background-meta":{"desktop":{"background-color":"var(--ast-global-color-4)","background-image":"","background-repeat":"repeat","background-position":"center center","background-size":"auto","background-attachment":"scroll","background-type":"","background-media":"","overlay-type":"","overlay-color":"","overlay-opacity":"","overlay-gradient":""},"tablet":{"background-color":"var(--ast-global-color-4)","background-image":"","background-repeat":"repeat","background-position":"center center","background-size":"auto","background-attachment":"scroll","background-type":"","background-media":"","overlay-type":"","overlay-color":"","overlay-opacity":"","overlay-gradient":""},"mobile":{"background-color":"var(--ast-global-color-4)","background-image":"","background-repeat":"repeat","background-position":"center center","background-size":"auto","background-attachment":"scroll","background-type":"","background-media":"","overlay-type":"","overlay-color":"","overlay-opacity":"","overlay-gradient":""}},"footnotes":""},"class_list":["post-47","page","type-page","status-publish","hentry"],"aioseo_notices":[],"_links":{"self":[{"href":"https:\/\/layedrarestaurante.com\/inicio\/wp-json\/wp\/v2\/pages\/47","targetHints":{"allow":["GET"]}}],"collection":[{"href":"https:\/\/layedrarestaurante.com\/inicio\/wp-json\/wp\/v2\/pages"}],"about":[{"href":"https:\/\/layedrarestaurante.com\/inicio\/wp-json\/wp\/v2\/types\/page"}],"author":[{"embeddable":true,"href":"https:\/\/layedrarestaurante.com\/inicio\/wp-json\/wp\/v2\/users\/1"}],"replies":[{"embeddable":true,"href":"https:\/\/layedrarestaurante.com\/inicio\/wp-json\/wp\/v2\/comments?post=47"}],"version-history":[{"count":97,"href":"https:\/\/layedrarestaurante.com\/inicio\/wp-json\/wp\/v2\/pages\/47\/revisions"}],"predecessor-version":[{"id":381,"href":"https:\/\/layedrarestaurante.com\/inicio\/wp-json\/wp\/v2\/pages\/47\/revisions\/381"}],"wp:attachment":[{"href":"https:\/\/layedrarestaurante.com\/inicio\/wp-json\/wp\/v2\/media?parent=47"}],"curies":[{"name":"wp","href":"https:\/\/api.w.org\/{rel}","templated":true}]}}